{"id":163,"date":"2023-02-27T16:28:00","date_gmt":"2023-02-27T15:28:00","guid":{"rendered":"http:\/\/canjancastanyet.com\/?page_id=163"},"modified":"2023-06-28T08:40:35","modified_gmt":"2023-06-28T06:40:35","slug":"avis-legal-i-cookies","status":"publish","type":"page","link":"https:\/\/canjancastanyet.com\/fr\/mentions-legales-et-cookies\/","title":{"rendered":"Mentions l\u00e9gales et Cookies"},"content":{"rendered":"<div data-elementor-type=\"wp-page\" data-elementor-id=\"163\" class=\"elementor elementor-163\">\n\t\t\t\t\t\t\t<div class=\"elementor-element elementor-element-8db584b e-con-boxed e-con\" data-id=\"8db584b\" data-element_type=\"container\" data-settings=\"{&quot;content_width&quot;:&quot;boxed&quot;}\">\n\t\t\t\t\t<div class=\"e-con-inner\">\n\t\t\t\t<div class=\"elementor-element elementor-element-032d0c6 elementor-widget elementor-widget-text-editor\" data-id=\"032d0c6\" data-element_type=\"widget\" data-widget_type=\"text-editor.default\">\n\t\t\t\t<div class=\"elementor-widget-container\">\n\t\t\t<style>\/*! elementor - v3.11.2 - 22-02-2023 *\/\n.elementor-widget-text-editor.elementor-drop-cap-view-stacked .elementor-drop-cap{background-color:#818a91;color:#fff}.elementor-widget-text-editor.elementor-drop-cap-view-framed .elementor-drop-cap{color:#818a91;border:3px solid;background-color:transparent}.elementor-widget-text-editor:not(.elementor-drop-cap-view-default) .elementor-drop-cap{margin-top:8px}.elementor-widget-text-editor:not(.elementor-drop-cap-view-default) .elementor-drop-cap-letter{width:1em;height:1em}.elementor-widget-text-editor .elementor-drop-cap{float:left;text-align:center;line-height:1;font-size:50px}.elementor-widget-text-editor .elementor-drop-cap-letter{display:inline-block}<\/style>\t\t\t\t<h3><b>I. INFORMATIONS G\u00c9N\u00c9RALES<\/b><\/h3><p><span style=\"font-weight: 400;\">Conform\u00e9ment au devoir d&#039;information pr\u00e9vu par la loi 34\/2002 sur les services de la soci\u00e9t\u00e9 de l&#039;information et du commerce \u00e9lectronique (LSSI-CE) du 11 juillet, les donn\u00e9es d&#039;information g\u00e9n\u00e9rales suivantes sur ce site sont fournies ci-dessous :<\/span><\/p><p><span style=\"font-weight: 400;\">La propri\u00e9t\u00e9 de ce site Internet, www.canjancastanyet.com, (ci-apr\u00e8s, Site Internet) est d\u00e9tenue par : Lourdes Gruart Cot, avec NIF : 77903312-N, et dont les coordonn\u00e9es sont :<\/span><\/p><p><span style=\"font-weight: 400;\">Adresse : Carrer Jacint Verdaguer 24 17410 Sils<\/span><\/p><p><span style=\"font-weight: 400;\">Num\u00e9ro de t\u00e9l\u00e9phone de contact: <\/span><span style=\"font-weight: 400;\">+34 639 51 27 46.\u00a0<\/span><\/p><p><span style=\"font-weight: 400;\">Courriel de contact : info@canjancastanyet.com<\/span><\/p><h3><b>II. CONDITIONS G\u00c9N\u00c9RALES D&#039;UTILISATION<\/b><\/h3><h4><b>Objet des conditions : Le Site<\/b><\/h4><p><span style=\"font-weight: 400;\">Les pr\u00e9sentes Conditions G\u00e9n\u00e9rales d&#039;Utilisation (ci-apr\u00e8s, les Conditions) ont pour objet de r\u00e9glementer l&#039;acc\u00e8s et l&#039;utilisation du Site. Aux fins des pr\u00e9sentes Conditions, on entendra par Site Internet : l&#039;aspect ext\u00e9rieur des interfaces \u00e9cran, tant de mani\u00e8re statique que dynamique, c&#039;est-\u00e0-dire l&#039;arborescence de navigation ; et tous les \u00e9l\u00e9ments int\u00e9gr\u00e9s tant dans les interfaces \u00e9crans que dans l&#039;arborescence de navigation (ci-apr\u00e8s, Contenu) et tous les services ou ressources en ligne pouvant \u00eatre propos\u00e9s aux Utilisateurs (ci-apr\u00e8s, Services).<\/span><\/p><p><span style=\"font-weight: 400;\">Can Jan de Castanyet \u2013 Casa Rural se r\u00e9serve le droit de modifier, \u00e0 tout moment et sans pr\u00e9avis, la pr\u00e9sentation et la configuration du Site Web ainsi que les Contenus et Services qui pourraient y \u00eatre incorpor\u00e9s. L&#039;Utilisateur reconna\u00eet et accepte qu&#039;\u00e0 tout moment Can Jan de Castanyet \u2013 Casa Rural peut interrompre, d\u00e9sactiver et\/ou annuler l&#039;un quelconque de ces \u00e9l\u00e9ments qui sont int\u00e9gr\u00e9s au Site ou l&#039;acc\u00e8s \u00e0 ceux-ci.<\/span><\/p><p><span style=\"font-weight: 400;\">L&#039;acc\u00e8s au Site par l&#039;Utilisateur a un caract\u00e8re gratuit et, en r\u00e8gle g\u00e9n\u00e9rale, il est gratuit sans que l&#039;Utilisateur ait \u00e0 fournir une contrepartie pour pouvoir en profiter, sauf en ce qui concerne le co\u00fbt de la connexion via le r\u00e9seau de t\u00e9l\u00e9communications fourni par le fournisseur d&#039;acc\u00e8s que l&#039;Utilisateur a contract\u00e9.<\/span><\/p><p><span style=\"font-weight: 400;\">L&#039;utilisation de tout contenu ou service du site Web peut se faire par le biais de l&#039;abonnement ou de l&#039;enregistrement pr\u00e9alable de l&#039;utilisateur.<\/span><\/p><h4>\u00a0<\/h4><h4><b>L&#039;utilisateur<\/b><\/h4><p><span style=\"font-weight: 400;\">L&#039;acc\u00e8s, la navigation et l&#039;utilisation du Site Web conf\u00e8rent le statut d&#039;Utilisateur, de sorte que, \u00e0 partir du moment o\u00f9 vous commencez \u00e0 naviguer sur le Site Web, toutes les Conditions \u00e9tablies ici, ainsi que leurs modifications ult\u00e9rieures, sont accept\u00e9es, sans pr\u00e9judice de l&#039;application des r\u00e9glementations l\u00e9gales obligatoires correspondantes, le cas \u00e9ch\u00e9ant. Compte tenu de la pertinence de ce qui pr\u00e9c\u00e8de, il est recommand\u00e9 \u00e0 l&#039;Utilisateur de les lire \u00e0 chaque visite sur le Site.<\/span><\/p><p><span style=\"font-weight: 400;\">Le site Web Can Jan de Castanyet - Casa Rural fournit une grande vari\u00e9t\u00e9 d&#039;informations, de services et de donn\u00e9es. L&#039;utilisateur assume la responsabilit\u00e9 de l&#039;utilisation correcte du site Web. Cette responsabilit\u00e9 s&#039;\u00e9tendra \u00e0 :<\/span><\/p><ul><li style=\"font-weight: 400;\" aria-level=\"1\"><span style=\"font-weight: 400;\">Une utilisation des informations, Contenus et\/ou Services et donn\u00e9es propos\u00e9s par Can Jan de Castanyet \u2013 Casa Rural sans \u00eatre contraire \u00e0 ce qui est requis par les pr\u00e9sentes Conditions, la Loi, la morale ou l&#039;ordre public, ou qui de toute autre mani\u00e8re pourraient causer atteinte aux droits de tiers ou au fonctionnement du site Web lui-m\u00eame.<\/span><\/li><li style=\"font-weight: 400;\" aria-level=\"1\"><span style=\"font-weight: 400;\">La v\u00e9racit\u00e9 et la l\u00e9galit\u00e9 des informations fournies par l&#039;Utilisateur dans les formulaires \u00e9tendus par Can Jan de Castanyet \u2013 Casa Rural pour l&#039;acc\u00e8s \u00e0 certains Contenus ou Services propos\u00e9s par le Site. Dans tous les cas, l&#039;Utilisateur informera imm\u00e9diatement Can Jan de Castanyet - Casa Rural de tout \u00e9v\u00e9nement permettant l&#039;utilisation abusive des informations enregistr\u00e9es dans lesdits formulaires, tels que, mais sans s&#039;y limiter, le vol, la perte ou l&#039;acc\u00e8s non autoris\u00e9 aux identifiants. et\/ou mots de passe, afin de proc\u00e9der \u00e0 leur annulation imm\u00e9diate.<\/span><\/li><\/ul><p><span style=\"font-weight: 400;\">Le simple acc\u00e8s \u00e0 ce site Web n&#039;implique pas l&#039;\u00e9tablissement d&#039;un quelconque type de relation commerciale entre Can Jan de Castanyet - Casa Rural et l&#039;Utilisateur.<\/span><\/p><p><span style=\"font-weight: 400;\">L&#039;Utilisateur d\u00e9clare \u00eatre majeur et avoir la capacit\u00e9 juridique suffisante pour \u00eatre li\u00e9 par les pr\u00e9sentes Conditions. Par cons\u00e9quent, ce site Can Jan de Castanyet \u2013 Maison rurale n&#039;est pas destin\u00e9 aux mineurs. Can Jan de Castanyet \u2013 Casa Rural d\u00e9cline toute responsabilit\u00e9 en cas de non-respect de cette exigence.<\/span><\/p><h3><b>III. ACC\u00c8S ET NAVIGATION DANS LE SITE WEB\u00a0: EXCLUSION DE GARANTIES ET DE RESPONSABILIT\u00c9<\/b><\/h3><p><span style=\"font-weight: 400;\">Can Jan de Castanyet \u2013 Casa Rural ne garantit pas la continuit\u00e9, la disponibilit\u00e9 et l&#039;utilit\u00e9 du site Web, ni du contenu ou des services. Can Jan de Castanyet \u2013 Casa Rural fera tout son possible pour le bon fonctionnement du site Web, cependant, il n&#039;est pas responsable ou garantit que l&#039;acc\u00e8s \u00e0 ce site Web ne sera pas interrompu ou qu&#039;il sera sans erreur.<\/span><\/p><p><span style=\"font-weight: 400;\">Il n&#039;est pas non plus responsable ni ne garantit que le contenu ou les logiciels accessibles via ce site Web sont exempts d&#039;erreurs ou causent des dommages au syst\u00e8me informatique de l&#039;utilisateur (logiciels et mat\u00e9riel). En aucun cas, Can Jan de Castanyet \u2013 Casa Rural ne sera responsable des pertes, dommages ou dommages de toute nature r\u00e9sultant de l&#039;acc\u00e8s, de la navigation et de l&#039;utilisation du site Web, y compris, mais sans s&#039;y limiter, ceux caus\u00e9s par les syst\u00e8mes informatiques ou ceux caus\u00e9s par l&#039;introduction de virus.<\/span><\/p><p><span style=\"font-weight: 400;\">Can Jan de Castanyet \u2013 Casa Rural n&#039;est pas non plus responsable des dommages qui pourraient \u00eatre caus\u00e9s aux utilisateurs par une utilisation inappropri\u00e9e de ce site Web. En particulier, il n&#039;est en aucun cas responsable des chutes, interruptions, absence ou d\u00e9faut des t\u00e9l\u00e9communications qui pourraient survenir.<\/span><\/p><h3><b>IV. POLITIQUE DES LIENS<\/b><\/h3><p><span style=\"font-weight: 400;\">L&#039;utilisateur ou un tiers qui \u00e9tablit un lien hypertexte \u00e0 partir d&#039;une page Web d&#039;un autre site Web diff\u00e9rent vers le site Web de Can Jan de Castanyet \u2013 Casa Rural doit savoir que\u00a0:<\/span><\/p><p><span style=\"font-weight: 400;\">La reproduction, totale ou partielle, de tout contenu et\/ou service du site Web n&#039;est pas autoris\u00e9e sans l&#039;autorisation expresse de Can Jan de Castanyet \u2013 Casa Rural.<\/span><\/p><p><span style=\"font-weight: 400;\">Aucune d\u00e9claration fausse, inexacte ou incorrecte n&#039;est non plus autoris\u00e9e sur le site Web de Can Jan de Castanyet \u2013 Casa Rural, ni sur ses contenus et\/ou services.<\/span><\/p><p><span style=\"font-weight: 400;\">\u00c0 l&#039;exception du lien hypertexte, le site Web sur lequel ledit lien hypertexte est \u00e9tabli ne contiendra aucun \u00e9l\u00e9ment de ce site Web, prot\u00e9g\u00e9 en tant que propri\u00e9t\u00e9 intellectuelle par l&#039;ordre juridique espagnol, sauf autorisation expresse de Can Jan de Castanyet - Casa Rural.<\/span><\/p><p><span style=\"font-weight: 400;\">L&#039;\u00e9tablissement de l&#039;hyperlien n&#039;impliquera pas l&#039;existence de relations entre Can Jan de Castanyet \u2013 Casa Rural et le propri\u00e9taire du site Web \u00e0 partir duquel il est cr\u00e9\u00e9, ni la connaissance et l&#039;acceptation par Can Jan de Castanyet \u2013 Casa Rural des contenus, services et\/ou des activit\u00e9s propos\u00e9es sur ledit site Internet, et inversement.<\/span><\/p><h3><b>V. PROPRI\u00c9T\u00c9 INTELLECTUELLE ET INDUSTRIELLE<\/b><\/h3><p><span style=\"font-weight: 400;\">Can Jan de Castanyet \u2013 Casa Rural par elle-m\u00eame ou en tant que partie du cessionnaire, est titulaire de tous les droits de propri\u00e9t\u00e9 intellectuelle et industrielle du Site, ainsi que des \u00e9l\u00e9ments qui y sont contenus (de mani\u00e8re descriptive et non exhaustive, images, sons, sons , vid\u00e9o, logiciels ou textes, marques ou logos, combinaisons de couleurs, structure et design, s\u00e9lection des mat\u00e9riaux utilis\u00e9s, programmes informatiques n\u00e9cessaires \u00e0 leur fonctionnement, acc\u00e8s et utilisation, etc.). Ils seront donc prot\u00e9g\u00e9s en tant que propri\u00e9t\u00e9 intellectuelle par le syst\u00e8me juridique espagnol, \u00e9tant applicable \u00e0 la fois aux r\u00e9glementations espagnole et communautaire dans ce domaine, ainsi qu&#039;aux trait\u00e9s internationaux relatifs \u00e0 la mati\u00e8re et souscrits par l&#039;Espagne.<\/span><\/p><p><span style=\"font-weight: 400;\">Tous les droits sont r\u00e9serv\u00e9s. Conform\u00e9ment aux dispositions de la loi sur la propri\u00e9t\u00e9 intellectuelle, la reproduction, la distribution et la communication publique, y compris la mani\u00e8re dont elle est mise \u00e0 disposition, de tout ou partie du contenu de cette page Web, \u00e0 des fins commerciales, sont express\u00e9ment interdites sur tout support et par tout moyen technique, sans l&#039;autorisation de Can Jan de Castanyet \u2013 Maison rurale.<\/span><\/p><p><span style=\"font-weight: 400;\">L&#039;Utilisateur s&#039;engage \u00e0 respecter les droits de propri\u00e9t\u00e9 intellectuelle et industrielle de Can Jan de Castanyet \u2013 Casa Rural. Vous pouvez \u00e0 tout moment visualiser les \u00e9l\u00e9ments du Site ou encore les imprimer, les copier et les stocker sur le disque dur de votre ordinateur ou sur tout autre support physique, exclusivement pour votre usage personnel. L&#039;Utilisateur ne pourra cependant pas supprimer, alt\u00e9rer ou manipuler tout dispositif de protection ou syst\u00e8me de s\u00e9curit\u00e9 install\u00e9 sur le Site.<\/span><\/p><p><span style=\"font-weight: 400;\">Dans le cas o\u00f9 l&#039;utilisateur ou un tiers consid\u00e8re que l&#039;un des contenus du site Web constitue une violation des droits de propri\u00e9t\u00e9 intellectuelle, il doit en informer imm\u00e9diatement Can Jan de Castanyet \u2013 Casa Rural via les coordonn\u00e9es de la section INFORMATIONS G\u00c9N\u00c9RALES de ce document juridique. Avis et Conditions G\u00e9n\u00e9rales d&#039;Utilisation.<\/span><\/p><h3><b>VI. ACTIONS JURIDIQUES, L\u00c9GISLATION APPLICABLE ET JURIDICTION<\/b><\/h3><p><span style=\"font-weight: 400;\">Can Jan de Castanyet \u2013 Casa Rural se r\u00e9serve le droit d&#039;engager des poursuites civiles ou p\u00e9nales qu&#039;elle juge n\u00e9cessaires pour une utilisation abusive du site Web et du contenu, ou pour violation des pr\u00e9sentes conditions.<\/span><\/p><p><span style=\"font-weight: 400;\">La relation entre l&#039;Utilisateur et Can Jan de Castanyet \u2013 Casa Rural sera r\u00e9gie par la r\u00e9glementation en vigueur et applicable sur le territoire espagnol. En cas de contestation relative \u00e0 l&#039;interpr\u00e9tation et\/ou \u00e0 l&#039;application des pr\u00e9sentes Conditions, les parties soumettront leurs diff\u00e9rends aux juridictions de droit commun en se soumettant aux juges et tribunaux correspondants conform\u00e9ment \u00e0 la loi.<\/span><\/p>\t\t\t\t\t\t<\/div>\n\t\t\t\t<\/div>\n\t\t\t\t\t<\/div>\n\t\t\t\t<\/div>\n\t\t\t\t\t\t\t<\/div>","protected":false},"excerpt":{"rendered":"<p>I. INFORMATIONS G\u00c9N\u00c9RALES Conform\u00e9ment au devoir d&#039;information pr\u00e9vu par la loi 34\/2002 relative aux services de la soci\u00e9t\u00e9 de l&#039;information et du commerce \u00e9lectronique (LSSI-CE) du 11 juillet, les donn\u00e9es d&#039;information g\u00e9n\u00e9rales suivantes sont fournies ci-dessous de ce site Web : La propri\u00e9t\u00e9 de ce site Internet, www.canjancastanyet.com, (ci-apr\u00e8s, [\u2026]<\/p>","protected":false},"author":1,"featured_media":0,"parent":0,"menu_order":0,"comment_status":"closed","ping_status":"closed","template":"","meta":{"inline_featured_image":false,"_joinchat":[]},"_links":{"self":[{"href":"https:\/\/canjancastanyet.com\/fr\/wp-json\/wp\/v2\/pages\/163"}],"collection":[{"href":"https:\/\/canjancastanyet.com\/fr\/wp-json\/wp\/v2\/pages"}],"about":[{"href":"https:\/\/canjancastanyet.com\/fr\/wp-json\/wp\/v2\/types\/page"}],"author":[{"embeddable":true,"href":"https:\/\/canjancastanyet.com\/fr\/wp-json\/wp\/v2\/users\/1"}],"replies":[{"embeddable":true,"href":"https:\/\/canjancastanyet.com\/fr\/wp-json\/wp\/v2\/comments?post=163"}],"version-history":[{"count":13,"href":"https:\/\/canjancastanyet.com\/fr\/wp-json\/wp\/v2\/pages\/163\/revisions"}],"predecessor-version":[{"id":1113,"href":"https:\/\/canjancastanyet.com\/fr\/wp-json\/wp\/v2\/pages\/163\/revisions\/1113"}],"wp:attachment":[{"href":"https:\/\/canjancastanyet.com\/fr\/wp-json\/wp\/v2\/media?parent=163"}],"curies":[{"name":"wp","href":"https:\/\/api.w.org\/{rel}","templated":true}]}}